{"id":18451,"date":"2022-03-16T16:25:56","date_gmt":"2022-03-16T15:25:56","guid":{"rendered":"http:\/\/mda-photo-new.mda-photo.de\/?page_id=18451"},"modified":"2022-11-01T15:34:45","modified_gmt":"2022-11-01T14:34:45","slug":"las-brenas-march-2022-mainly-inside","status":"publish","type":"page","link":"http:\/\/mda-photo-new.mda-photo.de\/de\/the-house-in-las-brenas\/las-brenas-videos-building-phase-2022\/las-brenas-march-2022-mainly-inside\/","title":{"rendered":"Las Bre\u00f1as \u2013 M\u00e4rz 2022, haupts\u00e4chlich drinnen"},"content":{"rendered":"<p>Pr\u00fcfung<\/p>","protected":false},"excerpt":{"rendered":"<p>Pr\u00fcfung<\/p>","protected":false},"author":1,"featured_media":0,"parent":17121,"menu_order":97,"comment_status":"closed","ping_status":"closed","template":"","meta":{"_monsterinsights_skip_tracking":false,"_monsterinsights_sitenote_active":false,"_monsterinsights_sitenote_note":"","_monsterinsights_sitenote_category":0,"footnotes":""},"class_list":["post-18451","page","type-page","status-publish"],"_links":{"self":[{"href":"http:\/\/mda-photo-new.mda-photo.de\/de\/wp-json\/wp\/v2\/pages\/18451","targetHints":{"allow":["GET"]}}],"collection":[{"href":"http:\/\/mda-photo-new.mda-photo.de\/de\/wp-json\/wp\/v2\/pages"}],"about":[{"href":"http:\/\/mda-photo-new.mda-photo.de\/de\/wp-json\/wp\/v2\/types\/page"}],"author":[{"embeddable":true,"href":"http:\/\/mda-photo-new.mda-photo.de\/de\/wp-json\/wp\/v2\/users\/1"}],"replies":[{"embeddable":true,"href":"http:\/\/mda-photo-new.mda-photo.de\/de\/wp-json\/wp\/v2\/comments?post=18451"}],"version-history":[{"count":2,"href":"http:\/\/mda-photo-new.mda-photo.de\/de\/wp-json\/wp\/v2\/pages\/18451\/revisions"}],"predecessor-version":[{"id":18482,"href":"http:\/\/mda-photo-new.mda-photo.de\/de\/wp-json\/wp\/v2\/pages\/18451\/revisions\/18482"}],"up":[{"embeddable":true,"href":"http:\/\/mda-photo-new.mda-photo.de\/de\/wp-json\/wp\/v2\/pages\/17121"}],"wp:attachment":[{"href":"http:\/\/mda-photo-new.mda-photo.de\/de\/wp-json\/wp\/v2\/media?parent=18451"}],"curies":[{"name":"wp","href":"https:\/\/api.w.org\/{rel}","templated":true}]}}